{"id":2,"date":"2016-06-02T12:01:08","date_gmt":"2016-06-02T12:01:08","guid":{"rendered":"http:\/\/reyescatolicos.blogs.uva.es\/?page_id=2"},"modified":"2017-01-21T19:59:04","modified_gmt":"2017-01-21T19:59:04","slug":"servicios","status":"publish","type":"page","link":"https:\/\/reyescatolicos.uva.es\/pt\/servicios\/","title":{"rendered":"Servicios"},"content":{"rendered":"<p>Reyes Catholic University Residence \u00e9 composto dos seguintes servi\u00e7os:<\/p>\n<ul>\n<li>Lavandaria 24 horas<\/li>\n<li>rede sem fio Wi-Fi em toda a resid\u00eancia (eduroam)<\/li>\n<li>24 horas<\/li>\n<li>Sala de reuni\u00f5es<\/li>\n<li>Sala de leitura<\/li>\n<li>Sala de inform\u00e1tica<\/li>\n<\/ul>\n<p><\/p>","protected":false},"excerpt":{"rendered":"<p>Reyes Catholic University Residence \u00e9 composto dos seguintes servi\u00e7os: Lavandaria 24 horas rede sem fio Wi-Fi em toda a resid\u00eancia (eduroam) 24 horas Sala de [&hellip;]<\/p>\n","protected":false},"author":395,"featured_media":0,"parent":0,"menu_order":0,"comment_status":"closed","ping_status":"open","template":"","meta":{"footnotes":""},"class_list":["post-2","page","type-page","status-publish","hentry"],"_links":{"self":[{"href":"https:\/\/reyescatolicos.uva.es\/pt\/wp-json\/wp\/v2\/pages\/2","targetHints":{"allow":["GET"]}}],"collection":[{"href":"https:\/\/reyescatolicos.uva.es\/pt\/wp-json\/wp\/v2\/pages"}],"about":[{"href":"https:\/\/reyescatolicos.uva.es\/pt\/wp-json\/wp\/v2\/types\/page"}],"author":[{"embeddable":true,"href":"https:\/\/reyescatolicos.uva.es\/pt\/wp-json\/wp\/v2\/users\/395"}],"replies":[{"embeddable":true,"href":"https:\/\/reyescatolicos.uva.es\/pt\/wp-json\/wp\/v2\/comments?post=2"}],"version-history":[{"count":0,"href":"https:\/\/reyescatolicos.uva.es\/pt\/wp-json\/wp\/v2\/pages\/2\/revisions"}],"wp:attachment":[{"href":"https:\/\/reyescatolicos.uva.es\/pt\/wp-json\/wp\/v2\/media?parent=2"}],"curies":[{"name":"wp","href":"https:\/\/api.w.org\/{rel}","templated":true}]}}